{"id":2,"date":"2013-11-20T10:11:25","date_gmt":"2013-11-20T10:11:25","guid":{"rendered":"http:\/\/origemtrancoso.com.br\/?page_id=2"},"modified":"2023-11-01T10:14:54","modified_gmt":"2023-11-01T13:14:54","slug":"origem","status":"publish","type":"page","link":"https:\/\/origemtrancoso.com\/en\/origem\/","title":{"rendered":"Origem"},"content":{"rendered":"<div class=\"wpb-content-wrapper\"><p>[vc_row css_animation=&#8221;&#8221; row_type=&#8221;row&#8221; use_row_as_full_screen_section=&#8221;no&#8221; type=&#8221;full_width&#8221; anchor=&#8221;whoweare&#8221; text_align=&#8221;left&#8221; css=&#8221;.vc_custom_1449665271306{margin-bottom: 25px !important;padding-top: 60px !important;}&#8221;][vc_column][vc_column_text]<\/p>\n<h2>Origem<\/h2>\n<p>&nbsp;<\/p>\n<p><strong>Origem<\/strong>\u00a0represents our deep love for\u00a0<strong>Trancoso<\/strong>\u00a0and therefore was created to represent its authenticity, its most secret aspects, its true emotions, its refined elegance, combined with the wonderful nature and wilderness that characterises this part of\u00a0<strong>Brasil,<\/strong>\u00a0along with the kindness and hospitality of its people.<\/p>\n<p>&nbsp;<\/p>\n<p>This is what we strive to communicate to our customers and guests, that we are motivated to express its authencity, allowing them to enjoy the most authentic aspects of\u00a0<em>Trancoso<\/em>, making them passionate about the place.<\/p>\n<p>&nbsp;<\/p>\n<p><strong>Origem<\/strong>\u00a0works every day to provide the best regarding rentals, sales and management of upscale properties in\u00a0<em>Trancoso<\/em>, with a professional approach based on a friendly and strong relationship with the Landlords, Customers and Guests.<\/p>\n<p>&nbsp;<\/p>\n<p>These are the reasons why we have carried out a careful selection of some of the finest properties in\u00a0<em>Trancoso\u00a0<\/em>\u00a0and thanks to our experience in<em>\u00a0Luxury International Hospitality<\/em>, our knowledge of the area and with our continuous presence on site, we can always be the first to perceive and propose the latest exciting and valuable news on the market.<\/p>\n<p>&nbsp;<\/p>\n<p>Our goal is to offer the best portfolio in terms of\u00a0<em>amenities<\/em>, location and servicing properties. At the same time proposing an emotional path based on a selection that also involves the\u00a0<em>architectural appeal and the interior<\/em>, in short, the soul of the place.<\/p>\n<p>&nbsp;<\/p>\n<p>In order to offer a taste of the real\u00a0<strong>Trancoso<\/strong>,\u00a0<strong>Origem<\/strong>\u00a0provides international and multi-lingual staff always well informed about the best offers and\u00a0<em>experiences<\/em>\u00a0to allow its Customers and Guests to discover the most authentic aspects of this unique place and enjoy an unfogettable stay.<\/p>\n<p>&nbsp;<\/p>\n<p class=\"p1\"><strong>Origem<\/strong> starts from the passion and common respect to Trancoso, a mix of local and international experiences, personal attitude to quality of life and the pursuit of beauty and authenticity of this very special palce in the south of Bahia. Seeking to propagate this lifestyle, Lara and Gabu, two passionate natives joined forces so that everyone can visit Trancoso with this special taste of exclusivity and tranquility.<\/p>\n<p>[\/vc_column_text][\/vc_column][\/vc_row][vc_row css_animation=&#8221;&#8221; row_type=&#8221;row&#8221; use_row_as_full_screen_section=&#8221;no&#8221; type=&#8221;full_width&#8221; text_align=&#8221;left&#8221; css=&#8221;.vc_custom_1449683011248{margin-bottom: 25px !important;}&#8221;][vc_column][vc_column_text]<\/p>\n<h2>About Us<\/h2>\n<p>[\/vc_column_text][vc_empty_space]<div class=\"image_with_text\"><img decoding=\"async\" src=\"https:\/\/origemtrancoso.com\/wp-content\/uploads\/2023\/11\/origem_trancoso_life_lara_gabu_croped.jpg\" alt=\"\" \/><h5 ><\/h5><span style=\"margin: 6px 0px;\" class=\"separator transparent\"><\/span><\/div>[vc_row_inner row_type=&#8221;row&#8221; type=&#8221;full_width&#8221; use_row_as_full_screen_section_slide=&#8221;no&#8221; text_align=&#8221;left&#8221; css_animation=&#8221;&#8221;][vc_column_inner width=&#8221;1\/2&#8243;][vc_column_text]<\/p>\n<h2 class=\"p1\"><span class=\"s1\"><b>Lara Ara\u00fajo<\/b><\/span><\/h2>\n<p class=\"p1\"><span class=\"s1\">I grew up in a small place near Trancoso, called Arraial d&#8217;Ajuda, where everything and everyone were very close. I grew up surrounded by friends and always very close to my parents.<\/span><\/p>\n<p>&nbsp;<\/p>\n<p class=\"p1\"><span class=\"s1\">Daughter of Portuguese parents living in a hippie village with cosmopolitan soul, it was a mixture that gave me a ludic, eclectic and very colorful childhood.\u00a0 <\/span><\/p>\n<p>&nbsp;<\/p>\n<p class=\"p1\"><span class=\"s1\">I grew also in direct contact with nature, and it marked my unconscious. I learned a lot to relate, permeating across cultures and lifestyles and, no doubt, consider this my greatest asset. The house full of friends made me like people, people different from me; and I believe it is in these relationships that we grow. <\/span><\/p>\n<p>&nbsp;<\/p>\n<p class=\"p1\"><span class=\"s1\">In adolescence crossed the Atlantic in the opposite direction of Cabral to discover new ways of thinking &#8230; I spent a season in England and then went to college in Porto in Portugal. And then I came back! <\/span><\/p>\n<p>&nbsp;<\/p>\n<p class=\"p1\"><span class=\"s1\">Today, I am a mother, a daughter, a wife, an entrepreneur and a woman. I feel complete in all my roles. I live life outdoors and I need movement, either with my body or with my mind.<\/span><\/p>\n<p>&nbsp;<\/p>\n<p class=\"p1\">Lara works in several branches in the region, from hotel to entertainment, partner of Hotel Fazenda Cal\u00e1 &amp; Divino, Praia das Tartarugas restaurant, Casa Arac\u00ea, idealizer of Beach Club Caf\u00e9 de La Musique Trancoso, idealization and incorporation, besides being always best real estate options to offer you.<\/p>\n<p>[\/vc_column_text][vc_empty_space][\/vc_column_inner][vc_column_inner width=&#8221;1\/2&#8243;][vc_column_text]<\/p>\n<h2><strong>Gabu (Gabriel Regis Bittencourt)<\/strong><\/h2>\n<p>&nbsp;<\/p>\n<p>I grew up in one of the most paradisiacal regions of Brazil, my parents met in Trancoso in the 70&#8217;s and it was here that i enjoyed a wonderful childhood, taking as scenery the stunning nature of this place. Imagine this village in the 80&#8217;s! The light was a luxury item, and the moon was our natural lighting.<\/p>\n<p>&nbsp;<\/p>\n<p>Growing up in this scenario, where simplicity reigned and nature was our only playground, it awakened in me a passion for everything that comes from earth, water and air.<\/p>\n<p>&nbsp;<\/p>\n<p>In love with birds, fish and rivers, I was a boy standing barefoot, waiting for the right season to harvest, the right tide to cross the river and the sea, the right moon to fish or sail.<\/p>\n<p>&nbsp;<\/p>\n<p>Growing up with this direct contact has awakened my passion for nature, and this is one of the vocations to which I give myself today. Today I wake up early to water the plants and visit the various projects that I develop, but I was the last to leave the different nightclubs that I idealized.<\/p>\n<p>&nbsp;<\/p>\n<p>If you&#8217;ve already danced in Tostex, a &#8220;forr\u00f3&#8221; or a little show in S\u00e3o Br\u00e1s or if you&#8217;ve already had your breakfast at Pandoca, we may have already crossed paths here.<\/p>\n<p>&nbsp;<\/p>\n<p>Today, I think of landscape projects that respect the environment, and privilege native species of the region giving voice to my intuition, in addition to commanding several projects that seek to rescue the essence of this time from the days gone by from my childhood, bringing back all simplicity and magical experiences that I have lived in this place. I invite you to know the region through my eyes.<\/p>\n<p>&nbsp;<\/p>\n<p>Gabu works in several areas in the region, from entertainment, restaurant, landscaping, idealization and incorporations, being a member of the Restaurant Praia das Tartarugas, Flora Licuiri, Casa Arac\u00ea, among others.[\/vc_column_text][\/vc_column_inner][\/vc_row_inner][\/vc_column][\/vc_row][vc_row css_animation=&#8221;&#8221; row_type=&#8221;row&#8221; use_row_as_full_screen_section=&#8221;no&#8221; type=&#8221;full_width&#8221; text_align=&#8221;left&#8221;][vc_column][vc_empty_space][vc_gallery type=&#8221;image_grid&#8221; images=&#8221;25847,25844,25842,25841,25838,25837,25836,25843,19868,19843,22441,22447,22353,22343,22361&#8243; img_size=&#8221;&#8221; column_number=&#8221;5&#8243; grayscale=&#8221;no&#8221;][vc_empty_space][\/vc_column][\/vc_row]<\/p>\n<\/div>","protected":false},"excerpt":{"rendered":"<p>[vc_row css_animation=&#8221;&#8221; row_type=&#8221;row&#8221; use_row_as_full_screen_section=&#8221;no&#8221; type=&#8221;full_width&#8221; anchor=&#8221;whoweare&#8221; text_align=&#8221;left&#8221; css=&#8221;.vc_custom_1449665271306{margin-bottom: 25px !important;padding-top: 60px !important;}&#8221;][vc_column][vc_column_text] Origem &nbsp; Origem\u00a0represents our deep love for\u00a0Trancoso\u00a0and therefore was created to represent its authenticity, its most secret aspects, its true emotions, its refined elegance, combined with the wonderful nature and wilderness that characterises&#8230;<\/p>\n","protected":false},"author":1,"featured_media":0,"parent":0,"menu_order":0,"comment_status":"open","ping_status":"open","template":"","meta":{"_acf_changed":false,"footnotes":""},"class_list":["post-2","page","type-page","status-publish","hentry"],"acf":[],"yoast_head":"<!-- This site is optimized with the Yoast SEO plugin v27.2 - https:\/\/yoast.com\/product\/yoast-seo-wordpress\/ -->\n<title>Origem - Trancoso<\/title>\n<meta name=\"description\" content=\"Origem of history and the deep love of Henry , Gabu and Lorenzo Trancoso. Trancoso Bahia Brazil among the most beautiful places in the world.\" \/>\n<meta name=\"robots\" content=\"index, follow, max-snippet:-1, max-image-preview:large, max-video-preview:-1\" \/>\n<link rel=\"canonical\" href=\"http:\/\/origemtrancoso.com\/en\/origem\/\" \/>\n<meta property=\"og:locale\" content=\"en_US\" \/>\n<meta property=\"og:type\" content=\"article\" \/>\n<meta property=\"og:title\" content=\"Origem - Trancoso\" \/>\n<meta property=\"og:description\" content=\"Origem of history and the deep love of Henry , Gabu and Lorenzo Trancoso. Trancoso Bahia Brazil among the most beautiful places in the world.\" \/>\n<meta property=\"og:url\" content=\"http:\/\/origemtrancoso.com\/en\/origem\/\" \/>\n<meta property=\"og:site_name\" content=\"Origem\" \/>\n<meta property=\"article:publisher\" content=\"https:\/\/www.facebook.com\/origemtrancosolife\" \/>\n<meta property=\"article:modified_time\" content=\"2023-11-01T13:14:54+00:00\" \/>\n<meta name=\"twitter:label1\" content=\"Est. reading time\" \/>\n\t<meta name=\"twitter:data1\" content=\"5 minutes\" \/>\n<script type=\"application\/ld+json\" class=\"yoast-schema-graph\">{\"@context\":\"https:\/\/schema.org\",\"@graph\":[{\"@type\":\"WebPage\",\"@id\":\"http:\/\/origemtrancoso.com\/en\/origem\/\",\"url\":\"http:\/\/origemtrancoso.com\/en\/origem\/\",\"name\":\"Origem - Trancoso\",\"isPartOf\":{\"@id\":\"https:\/\/origemtrancoso.com\/#website\"},\"datePublished\":\"2013-11-20T10:11:25+00:00\",\"dateModified\":\"2023-11-01T13:14:54+00:00\",\"description\":\"Origem of history and the deep love of Henry , Gabu and Lorenzo Trancoso. Trancoso Bahia Brazil among the most beautiful places in the world.\",\"inLanguage\":\"en-US\",\"potentialAction\":[{\"@type\":\"ReadAction\",\"target\":[\"http:\/\/origemtrancoso.com\/en\/origem\/\"]}]},{\"@type\":\"WebSite\",\"@id\":\"https:\/\/origemtrancoso.com\/#website\",\"url\":\"https:\/\/origemtrancoso.com\/\",\"name\":\"Origem\",\"description\":\"Viva os melhores im\u00f3veis do sul da Bahia, aluguel de casas em Trancoso.\",\"publisher\":{\"@id\":\"https:\/\/origemtrancoso.com\/#organization\"},\"potentialAction\":[{\"@type\":\"SearchAction\",\"target\":{\"@type\":\"EntryPoint\",\"urlTemplate\":\"https:\/\/origemtrancoso.com\/?s={search_term_string}\"},\"query-input\":{\"@type\":\"PropertyValueSpecification\",\"valueRequired\":true,\"valueName\":\"search_term_string\"}}],\"inLanguage\":\"en-US\"},{\"@type\":\"Organization\",\"@id\":\"https:\/\/origemtrancoso.com\/#organization\",\"name\":\"Origem Trancoso\",\"url\":\"https:\/\/origemtrancoso.com\/\",\"logo\":{\"@type\":\"ImageObject\",\"inLanguage\":\"en-US\",\"@id\":\"https:\/\/origemtrancoso.com\/#\/schema\/logo\/image\/\",\"url\":\"http:\/\/origemtrancoso.com\/wp-content\/uploads\/2023\/05\/logohome1_rnf_dark_new.png\",\"contentUrl\":\"http:\/\/origemtrancoso.com\/wp-content\/uploads\/2023\/05\/logohome1_rnf_dark_new.png\",\"width\":176,\"height\":220,\"caption\":\"Origem Trancoso\"},\"image\":{\"@id\":\"https:\/\/origemtrancoso.com\/#\/schema\/logo\/image\/\"},\"sameAs\":[\"https:\/\/www.facebook.com\/origemtrancosolife\",\"https:\/\/www.instagram.com\/origemtrancoso\/\",\"https:\/\/www.youtube.com\/channel\/UCYtnB0cMNEv0SvNiXAFqY5A\"]}]}<\/script>\n<!-- \/ Yoast SEO plugin. -->","yoast_head_json":{"title":"Origem - Trancoso","description":"Origem of history and the deep love of Henry , Gabu and Lorenzo Trancoso. Trancoso Bahia Brazil among the most beautiful places in the world.","robots":{"index":"index","follow":"follow","max-snippet":"max-snippet:-1","max-image-preview":"max-image-preview:large","max-video-preview":"max-video-preview:-1"},"canonical":"http:\/\/origemtrancoso.com\/en\/origem\/","og_locale":"en_US","og_type":"article","og_title":"Origem - Trancoso","og_description":"Origem of history and the deep love of Henry , Gabu and Lorenzo Trancoso. Trancoso Bahia Brazil among the most beautiful places in the world.","og_url":"http:\/\/origemtrancoso.com\/en\/origem\/","og_site_name":"Origem","article_publisher":"https:\/\/www.facebook.com\/origemtrancosolife","article_modified_time":"2023-11-01T13:14:54+00:00","twitter_misc":{"Est. reading time":"5 minutes"},"schema":{"@context":"https:\/\/schema.org","@graph":[{"@type":"WebPage","@id":"http:\/\/origemtrancoso.com\/en\/origem\/","url":"http:\/\/origemtrancoso.com\/en\/origem\/","name":"Origem - Trancoso","isPartOf":{"@id":"https:\/\/origemtrancoso.com\/#website"},"datePublished":"2013-11-20T10:11:25+00:00","dateModified":"2023-11-01T13:14:54+00:00","description":"Origem of history and the deep love of Henry , Gabu and Lorenzo Trancoso. Trancoso Bahia Brazil among the most beautiful places in the world.","inLanguage":"en-US","potentialAction":[{"@type":"ReadAction","target":["http:\/\/origemtrancoso.com\/en\/origem\/"]}]},{"@type":"WebSite","@id":"https:\/\/origemtrancoso.com\/#website","url":"https:\/\/origemtrancoso.com\/","name":"Origem","description":"Viva os melhores im\u00f3veis do sul da Bahia, aluguel de casas em Trancoso.","publisher":{"@id":"https:\/\/origemtrancoso.com\/#organization"},"potentialAction":[{"@type":"SearchAction","target":{"@type":"EntryPoint","urlTemplate":"https:\/\/origemtrancoso.com\/?s={search_term_string}"},"query-input":{"@type":"PropertyValueSpecification","valueRequired":true,"valueName":"search_term_string"}}],"inLanguage":"en-US"},{"@type":"Organization","@id":"https:\/\/origemtrancoso.com\/#organization","name":"Origem Trancoso","url":"https:\/\/origemtrancoso.com\/","logo":{"@type":"ImageObject","inLanguage":"en-US","@id":"https:\/\/origemtrancoso.com\/#\/schema\/logo\/image\/","url":"http:\/\/origemtrancoso.com\/wp-content\/uploads\/2023\/05\/logohome1_rnf_dark_new.png","contentUrl":"http:\/\/origemtrancoso.com\/wp-content\/uploads\/2023\/05\/logohome1_rnf_dark_new.png","width":176,"height":220,"caption":"Origem Trancoso"},"image":{"@id":"https:\/\/origemtrancoso.com\/#\/schema\/logo\/image\/"},"sameAs":["https:\/\/www.facebook.com\/origemtrancosolife","https:\/\/www.instagram.com\/origemtrancoso\/","https:\/\/www.youtube.com\/channel\/UCYtnB0cMNEv0SvNiXAFqY5A"]}]}},"_links":{"self":[{"href":"https:\/\/origemtrancoso.com\/en\/wp-json\/wp\/v2\/pages\/2","targetHints":{"allow":["GET"]}}],"collection":[{"href":"https:\/\/origemtrancoso.com\/en\/wp-json\/wp\/v2\/pages"}],"about":[{"href":"https:\/\/origemtrancoso.com\/en\/wp-json\/wp\/v2\/types\/page"}],"author":[{"embeddable":true,"href":"https:\/\/origemtrancoso.com\/en\/wp-json\/wp\/v2\/users\/1"}],"replies":[{"embeddable":true,"href":"https:\/\/origemtrancoso.com\/en\/wp-json\/wp\/v2\/comments?post=2"}],"version-history":[{"count":73,"href":"https:\/\/origemtrancoso.com\/en\/wp-json\/wp\/v2\/pages\/2\/revisions"}],"predecessor-version":[{"id":26041,"href":"https:\/\/origemtrancoso.com\/en\/wp-json\/wp\/v2\/pages\/2\/revisions\/26041"}],"wp:attachment":[{"href":"https:\/\/origemtrancoso.com\/en\/wp-json\/wp\/v2\/media?parent=2"}],"curies":[{"name":"wp","href":"https:\/\/api.w.org\/{rel}","templated":true}]}}